{"id":12,"date":"2024-05-20T15:55:27","date_gmt":"2024-05-20T13:55:27","guid":{"rendered":"https:\/\/lauralecoeur.fr\/?page_id=12"},"modified":"2026-03-03T15:23:39","modified_gmt":"2026-03-03T14:23:39","slug":"energetique-chinoise","status":"publish","type":"page","link":"https:\/\/lauralecoeur.fr\/index.php\/energetique-chinoise\/","title":{"rendered":"Tuina"},"content":{"rendered":"\n<div class=\"wp-block-group is-nowrap is-layout-flex wp-container-core-group-is-layout-ad2f72ca wp-block-group-is-layout-flex\">\n<div class=\"wp-block-group\"><div class=\"wp-block-group__inner-container is-layout-constrained wp-block-group-is-layout-constrained\">\n<p><strong>Le massage<\/strong> <strong>Tuina <\/strong>s\u2019adresse notamment aux personnes :<\/p>\n\n\n\n<ul class=\"wp-block-list\">\n<li>concern\u00e9es par des<strong> tensions physiques<\/strong> ; <\/li>\n\n\n\n<li>concern\u00e9es par le<strong> stress<\/strong> ou<strong> <\/strong>des <strong>tensions \u00e9motionnelles <\/strong><strong>;<\/strong><\/li>\n\n\n\n<li>souhaitant am\u00e9liorer <strong>l&rsquo;\u00e9quilibre du f\u00e9minin<\/strong> (tout au long de la vie); <\/li>\n\n\n\n<li>souhaitant favoriser leur confort<strong> digestif<\/strong> ou <strong>respiratoire<\/strong> ;<\/li>\n\n\n\n<li>en recherche de<strong> bien-\u00eatre<\/strong>, de&nbsp;<strong>relaxation<\/strong> et de<strong> d\u00e9tente<\/strong> ;<\/li>\n\n\n\n<li>apr\u00e8s une <strong>comp\u00e9tition sportive<\/strong> ou des entrainements.<\/li>\n<\/ul>\n\n\n\n<p>Il s\u2019agit d\u2019un massage :<\/p>\n\n\n\n<ul class=\"wp-block-list\">\n<li><strong>pr\u00e9cis<\/strong>, car il s\u2019appuie en grande partie sur les points d\u2019acupression&nbsp;;<\/li>\n\n\n\n<li><strong>complet<\/strong>, puisqu\u2019il combine de nombreuses techniques diff\u00e9rentes ;<\/li>\n\n\n\n<li>qui <strong>agit en profondeur<\/strong> sur les tissus.<\/li>\n<\/ul>\n<\/div><\/div>\n\n\n<div class=\"wp-block-image\">\n<figure class=\"aligncenter size-large is-resized\"><img loading=\"lazy\" decoding=\"async\" width=\"768\" height=\"1024\" src=\"https:\/\/lauralecoeur.fr\/wp-content\/uploads\/2025\/02\/IMG_20241208_162214-1-768x1024.jpg\" alt=\"\" class=\"wp-image-302\" style=\"width:286px;height:auto\" srcset=\"https:\/\/lauralecoeur.fr\/wp-content\/uploads\/2025\/02\/IMG_20241208_162214-1-768x1024.jpg 768w, https:\/\/lauralecoeur.fr\/wp-content\/uploads\/2025\/02\/IMG_20241208_162214-1-225x300.jpg 225w, https:\/\/lauralecoeur.fr\/wp-content\/uploads\/2025\/02\/IMG_20241208_162214-1-1152x1536.jpg 1152w, https:\/\/lauralecoeur.fr\/wp-content\/uploads\/2025\/02\/IMG_20241208_162214-1-1536x2048.jpg 1536w, https:\/\/lauralecoeur.fr\/wp-content\/uploads\/2025\/02\/IMG_20241208_162214-1-scaled.jpg 1920w\" sizes=\"auto, (max-width: 768px) 100vw, 768px\" \/><\/figure>\n<\/div><\/div>\n\n\n\n<p><strong>Les particularit\u00e9s de ma pratique du massage Tuina&nbsp;:<\/strong><\/p>\n\n\n\n<ul class=\"wp-block-list\">\n<li>j\u2019associe la <strong>sonoth\u00e9rapie<\/strong>, particuli\u00e8rement le diapason&nbsp;: il fait ressentir une agr\u00e9able vibration favorisant la lib\u00e9ration des tensions.<\/li>\n<\/ul>\n\n\n\n<ul class=\"wp-block-list\">\n<li>j\u2019utilise des <strong>huiles <\/strong>de massage&nbsp;: ayant \u00e9tudi\u00e9 l\u2019herbalisme, je choisis les huiles les plus appropri\u00e9es selon les besoins de chacun. <\/li>\n<\/ul>\n\n\n\n<div class=\"wp-block-group\"><div class=\"wp-block-group__inner-container is-layout-constrained wp-block-group-is-layout-constrained\">\n<div class=\"wp-block-group is-nowrap is-layout-flex wp-container-core-group-is-layout-ad2f72ca wp-block-group-is-layout-flex\"><div class=\"wp-block-image\">\n<figure class=\"aligncenter size-large is-resized\"><img loading=\"lazy\" decoding=\"async\" width=\"768\" height=\"1024\" src=\"https:\/\/lauralecoeur.fr\/wp-content\/uploads\/2025\/02\/IMG_20241208_164637-768x1024.jpg\" alt=\"\" class=\"wp-image-303\" style=\"width:297px;height:auto\" srcset=\"https:\/\/lauralecoeur.fr\/wp-content\/uploads\/2025\/02\/IMG_20241208_164637-768x1024.jpg 768w, https:\/\/lauralecoeur.fr\/wp-content\/uploads\/2025\/02\/IMG_20241208_164637-225x300.jpg 225w, https:\/\/lauralecoeur.fr\/wp-content\/uploads\/2025\/02\/IMG_20241208_164637-1152x1536.jpg 1152w, https:\/\/lauralecoeur.fr\/wp-content\/uploads\/2025\/02\/IMG_20241208_164637-1536x2048.jpg 1536w, https:\/\/lauralecoeur.fr\/wp-content\/uploads\/2025\/02\/IMG_20241208_164637-scaled.jpg 1920w\" sizes=\"auto, (max-width: 768px) 100vw, 768px\" \/><\/figure>\n<\/div>\n\n\n<div class=\"wp-block-group\"><div class=\"wp-block-group__inner-container is-layout-constrained wp-block-group-is-layout-constrained\">\n<p>Une s\u00e9ance dure environ <strong>une heure<\/strong> et commence par un temps d\u2019\u00e9change (le massage en lui-m\u00eame dure environ 40 &#8211; 45 minutes). Le <strong>tarif <\/strong>est de <strong>55 \u20ac<\/strong>.<\/p>\n\n\n\n<p>Le paiement par carte bancaire n&rsquo;est pas accept\u00e9. <\/p>\n<\/div><\/div>\n<\/div>\n\n\n\n<p>Il est possible d&rsquo;organiser des <strong>rendez-vous r\u00e9guliers <\/strong>(une fois par semaine ou une fois par mois), qui donnent lieu \u00e0 des s\u00e9ances plus courtes, avec un temps d&rsquo;\u00e9chang\u00e9 pr\u00e9alable r\u00e9duit. Le tarif est alors de 40 \u20ac. Ces rendez-vous suivent forc\u00e9ment au moins une premi\u00e8re s\u00e9ance compl\u00e8te.<\/p>\n<\/div><\/div>\n\n\n\n<div class=\"wp-block-group is-nowrap is-layout-flex wp-container-core-group-is-layout-ad2f72ca wp-block-group-is-layout-flex\">\n<div class=\"wp-block-group\"><div class=\"wp-block-group__inner-container is-layout-constrained wp-block-group-is-layout-constrained\">\n<p>Je pratique aussi le massage Tuina <strong>pour les enfants<\/strong> (de 0 \u00e0 12 ans), pour :<\/p>\n\n\n\n<ul class=\"wp-block-list\">\n<li>le confort digestif ; <\/li>\n\n\n\n<li>un sommeil plus calme ; <\/li>\n\n\n\n<li>le confort urinaire ; <\/li>\n\n\n\n<li>le confort respiratoire. <\/li>\n<\/ul>\n\n\n\n<p> Pour un enfant, la s\u00e9ance d&rsquo;environ 30 minutes est au tarif de <strong>30 \u20ac<\/strong>.<\/p>\n<\/div><\/div>\n\n\n<div class=\"wp-block-image\">\n<figure class=\"aligncenter size-large is-resized\"><img loading=\"lazy\" decoding=\"async\" width=\"768\" height=\"1024\" src=\"https:\/\/lauralecoeur.fr\/wp-content\/uploads\/2025\/07\/photozen-1-768x1024.jpeg\" alt=\"\" class=\"wp-image-530\" style=\"width:284px;height:auto\" srcset=\"https:\/\/lauralecoeur.fr\/wp-content\/uploads\/2025\/07\/photozen-1-768x1024.jpeg 768w, https:\/\/lauralecoeur.fr\/wp-content\/uploads\/2025\/07\/photozen-1-225x300.jpeg 225w, https:\/\/lauralecoeur.fr\/wp-content\/uploads\/2025\/07\/photozen-1.jpeg 1080w\" sizes=\"auto, (max-width: 768px) 100vw, 768px\" \/><\/figure>\n<\/div><\/div>\n\n\n\n<p>Le massage tuina est contre-indiqu\u00e9 :<\/p>\n\n\n\n<ul class=\"wp-block-list\">\n<li>en cas de grossesse ;<\/li>\n\n\n\n<li>pour les personnes atteintes d&rsquo;un cancer, avant la r\u00e9mission ;<\/li>\n\n\n\n<li>sur une plaie ouverte\u2026<\/li>\n<\/ul>\n\n\n\n<p><em><u><strong>Le massage Tuina ne remplace pas les soins m\u00e9dicaux ou de kin\u00e9sith\u00e9rapie. Seule la m\u00e9decine conventionnelle est habilit\u00e9e \u00e0 poser un diagnostic et \u00e0 prescrire un traitement m\u00e9dical.<\/strong><\/u><\/em><\/p>\n","protected":false},"excerpt":{"rendered":"<p>Le massage Tuina s\u2019adresse notamment aux personnes : Il s\u2019agit d\u2019un massage : Les particularit\u00e9s de ma pratique du massage Tuina&nbsp;: Une s\u00e9ance dure environ une heure et commence par &hellip; <\/p>\n","protected":false},"author":1,"featured_media":575,"parent":0,"menu_order":0,"comment_status":"closed","ping_status":"closed","template":"","meta":{"footnotes":""},"class_list":["post-12","page","type-page","status-publish","has-post-thumbnail","hentry"],"_links":{"self":[{"href":"https:\/\/lauralecoeur.fr\/index.php\/wp-json\/wp\/v2\/pages\/12","targetHints":{"allow":["GET"]}}],"collection":[{"href":"https:\/\/lauralecoeur.fr\/index.php\/wp-json\/wp\/v2\/pages"}],"about":[{"href":"https:\/\/lauralecoeur.fr\/index.php\/wp-json\/wp\/v2\/types\/page"}],"author":[{"embeddable":true,"href":"https:\/\/lauralecoeur.fr\/index.php\/wp-json\/wp\/v2\/users\/1"}],"replies":[{"embeddable":true,"href":"https:\/\/lauralecoeur.fr\/index.php\/wp-json\/wp\/v2\/comments?post=12"}],"version-history":[{"count":56,"href":"https:\/\/lauralecoeur.fr\/index.php\/wp-json\/wp\/v2\/pages\/12\/revisions"}],"predecessor-version":[{"id":612,"href":"https:\/\/lauralecoeur.fr\/index.php\/wp-json\/wp\/v2\/pages\/12\/revisions\/612"}],"wp:featuredmedia":[{"embeddable":true,"href":"https:\/\/lauralecoeur.fr\/index.php\/wp-json\/wp\/v2\/media\/575"}],"wp:attachment":[{"href":"https:\/\/lauralecoeur.fr\/index.php\/wp-json\/wp\/v2\/media?parent=12"}],"curies":[{"name":"wp","href":"https:\/\/api.w.org\/{rel}","templated":true}]}}