{"id":220,"date":"2025-02-10T18:57:59","date_gmt":"2025-02-10T17:57:59","guid":{"rendered":"https:\/\/lauralecoeur.fr\/?page_id=220"},"modified":"2026-04-09T17:19:48","modified_gmt":"2026-04-09T15:19:48","slug":"le-drainage-lymphatique","status":"publish","type":"page","link":"https:\/\/lauralecoeur.fr\/index.php\/le-drainage-lymphatique\/","title":{"rendered":"Drainage lymphatique"},"content":{"rendered":"\n<p>Je pratique le drainage lymphatique de confort de type Vodder. C&rsquo;est un massage doux qui active la circulation de la lymphe, l&#8217;emp\u00eachant ainsi de stagner dans les tissus.<\/p>\n\n\n\n<div class=\"wp-block-group is-nowrap is-layout-flex wp-container-core-group-is-layout-ad2f72ca wp-block-group-is-layout-flex\">\n<div class=\"wp-block-group\"><div class=\"wp-block-group__inner-container is-layout-constrained wp-block-group-is-layout-constrained\">\n<p><strong>Ses principaux objectifs sont de : <\/strong><\/p>\n\n\n\n<ul class=\"wp-block-list\">\n<li>stimuler la circulation de la lymphe ;<\/li>\n\n\n\n<li>favoriser la d\u00e9toxification du corps ; <\/li>\n\n\n\n<li>revitaliser les tissus. <\/li>\n<\/ul>\n\n\n\n<p>De plus, le syst\u00e8me lymphatique est en lien avec notre syst\u00e8me immunitaire. <\/p>\n\n\n\n<p>Gr\u00e2ce \u00e0 son rythme lent et doux, ce massage est aussi tr\u00e8s apaisant. <\/p>\n\n\n\n<p><strong>Dans quel cas avoir recours au drainage lymphatique de confort ?<\/strong><\/p>\n\n\n\n<ul class=\"wp-block-list\">\n<li>sensation de jambes lourdes,<\/li>\n\n\n\n<li>r\u00e9tention d&rsquo;eau,&#8230;<\/li>\n<\/ul>\n<\/div><\/div>\n\n\n<div class=\"wp-block-image\">\n<figure class=\"aligncenter size-large is-resized\"><img loading=\"lazy\" decoding=\"async\" width=\"768\" height=\"1024\" src=\"https:\/\/lauralecoeur.fr\/wp-content\/uploads\/2025\/07\/IMG_20241208_162845-768x1024.jpg\" alt=\"\" class=\"wp-image-483\" style=\"width:325px;height:auto\" srcset=\"https:\/\/lauralecoeur.fr\/wp-content\/uploads\/2025\/07\/IMG_20241208_162845-768x1024.jpg 768w, https:\/\/lauralecoeur.fr\/wp-content\/uploads\/2025\/07\/IMG_20241208_162845-225x300.jpg 225w, https:\/\/lauralecoeur.fr\/wp-content\/uploads\/2025\/07\/IMG_20241208_162845-1152x1536.jpg 1152w, https:\/\/lauralecoeur.fr\/wp-content\/uploads\/2025\/07\/IMG_20241208_162845-1536x2048.jpg 1536w, https:\/\/lauralecoeur.fr\/wp-content\/uploads\/2025\/07\/IMG_20241208_162845-scaled.jpg 1920w\" sizes=\"auto, (max-width: 768px) 100vw, 768px\" \/><\/figure>\n<\/div><\/div>\n\n\n\n<p><\/p>\n\n\n\n<p><strong>Les particularit\u00e9s des m\u00e9thodes de type Vodder :<\/strong><\/p>\n\n\n\n<p>Emil et Astrid Vodder, biologistes, ont mis au point une m\u00e9thode au d\u00e9but des ann\u00e9es 1930, qui est devenue une r\u00e9f\u00e9rence dans le drainage lymphatique.<\/p>\n\n\n\n<p>Ces types de massage reposent sur la mobilisation douce de la peau par des mouvements circulaires effectu\u00e9s dans le sens de la circulation de la lymphe.<\/p>\n\n\n\n<div class=\"wp-block-group is-nowrap is-layout-flex wp-container-core-group-is-layout-ad2f72ca wp-block-group-is-layout-flex\">\n<figure class=\"wp-block-image size-large is-resized\"><img loading=\"lazy\" decoding=\"async\" width=\"1024\" height=\"768\" src=\"https:\/\/lauralecoeur.fr\/wp-content\/uploads\/2025\/07\/salon2-1024x768.jpeg\" alt=\"\" class=\"wp-image-576\" style=\"width:479px;height:auto\" srcset=\"https:\/\/lauralecoeur.fr\/wp-content\/uploads\/2025\/07\/salon2-1024x768.jpeg 1024w, https:\/\/lauralecoeur.fr\/wp-content\/uploads\/2025\/07\/salon2-300x225.jpeg 300w, https:\/\/lauralecoeur.fr\/wp-content\/uploads\/2025\/07\/salon2-768x576.jpeg 768w, https:\/\/lauralecoeur.fr\/wp-content\/uploads\/2025\/07\/salon2-640x480.jpeg 640w, https:\/\/lauralecoeur.fr\/wp-content\/uploads\/2025\/07\/salon2-110x83.jpeg 110w, https:\/\/lauralecoeur.fr\/wp-content\/uploads\/2025\/07\/salon2.jpeg 1080w\" sizes=\"auto, (max-width: 1024px) 100vw, 1024px\" \/><\/figure>\n\n\n\n<div class=\"wp-block-group\"><div class=\"wp-block-group__inner-container is-layout-constrained wp-block-group-is-layout-constrained\">\n<p class=\"has-text-align-center\"><strong>    Les massages propos\u00e9s : <\/strong><\/p>\n\n\n\n<ul class=\"wp-block-list\">\n<li><strong>Drainage du haut du corps<\/strong> (s\u00e9ance d&rsquo;1 h &#8211; 60 \u20ac) : massage de l&rsquo;abdomen, des bras et du dos ;<\/li>\n<\/ul>\n\n\n\n<ul class=\"wp-block-list\">\n<li><strong>Drainage du bas du corps <\/strong>(s\u00e9ance d&rsquo;1 h &#8211; 60 \u20ac) : massage de l&rsquo;abdomen et des jambes ;<\/li>\n<\/ul>\n\n\n\n<ul class=\"wp-block-list\">\n<li><strong>Drainage du corps entier<\/strong> (s\u00e9ance d&rsquo;1h30 &#8211; 90 \u20ac) : massage de l&rsquo;abdomen, des bras, des jambes et du dos <\/li>\n<\/ul>\n\n\n\n<p class=\"has-text-align-center\"><strong>Forfaits <\/strong>:<\/p>\n\n\n\n<ul class=\"wp-block-list\">\n<li>Forfait 5 massages d&rsquo;1h : 260 \u20ac<\/li>\n<\/ul>\n\n\n\n<ul class=\"wp-block-list\">\n<li>Forfait 5 massages d&rsquo;1h30 : 380 \u20ac<\/li>\n<\/ul>\n\n\n\n<p class=\"has-text-align-center\"> Le paiement par carte bancaire n&rsquo;est pas possible.<\/p>\n<\/div><\/div>\n<\/div>\n\n\n\n<p><\/p>\n\n\n\n<p><strong>Contre-indications : <\/strong><\/p>\n\n\n\n<ul class=\"wp-block-list\">\n<li>cancer en cours de traitement<\/li>\n\n\n\n<li>pathologie cardiaque, pulmonaire, r\u00e9nale, h\u00e9patique ou circulatoire grave<\/li>\n\n\n\n<li>grossesse (les 3 premiers mois ou avec complications)<\/li>\n\n\n\n<li>\u00e9tat infectieux ou inflammatoire<\/li>\n<\/ul>\n\n\n\n<p><em><strong>Le drainage lymphatique de confort est \u00e0 distinguer du drainage m\u00e9dical, pratiqu\u00e9 par des kin\u00e9sith\u00e9rapeutes pour des probl\u00e8mes de sant\u00e9 particuliers. <\/strong><\/em><\/p>\n\n\n\n<p><\/p>\n","protected":false},"excerpt":{"rendered":"<p>Je pratique le drainage lymphatique de confort de type Vodder. C&rsquo;est un massage doux qui active la circulation de la lymphe, l&#8217;emp\u00eachant ainsi de stagner dans les tissus. Ses principaux &hellip; <\/p>\n","protected":false},"author":1,"featured_media":91,"parent":0,"menu_order":0,"comment_status":"closed","ping_status":"closed","template":"","meta":{"footnotes":""},"class_list":["post-220","page","type-page","status-publish","has-post-thumbnail","hentry"],"_links":{"self":[{"href":"https:\/\/lauralecoeur.fr\/index.php\/wp-json\/wp\/v2\/pages\/220","targetHints":{"allow":["GET"]}}],"collection":[{"href":"https:\/\/lauralecoeur.fr\/index.php\/wp-json\/wp\/v2\/pages"}],"about":[{"href":"https:\/\/lauralecoeur.fr\/index.php\/wp-json\/wp\/v2\/types\/page"}],"author":[{"embeddable":true,"href":"https:\/\/lauralecoeur.fr\/index.php\/wp-json\/wp\/v2\/users\/1"}],"replies":[{"embeddable":true,"href":"https:\/\/lauralecoeur.fr\/index.php\/wp-json\/wp\/v2\/comments?post=220"}],"version-history":[{"count":28,"href":"https:\/\/lauralecoeur.fr\/index.php\/wp-json\/wp\/v2\/pages\/220\/revisions"}],"predecessor-version":[{"id":616,"href":"https:\/\/lauralecoeur.fr\/index.php\/wp-json\/wp\/v2\/pages\/220\/revisions\/616"}],"wp:featuredmedia":[{"embeddable":true,"href":"https:\/\/lauralecoeur.fr\/index.php\/wp-json\/wp\/v2\/media\/91"}],"wp:attachment":[{"href":"https:\/\/lauralecoeur.fr\/index.php\/wp-json\/wp\/v2\/media?parent=220"}],"curies":[{"name":"wp","href":"https:\/\/api.w.org\/{rel}","templated":true}]}}