{"id":280,"date":"2025-02-21T19:21:08","date_gmt":"2025-02-21T18:21:08","guid":{"rendered":"https:\/\/lauralecoeur.fr\/?page_id=280"},"modified":"2026-03-03T15:27:45","modified_gmt":"2026-03-03T14:27:45","slug":"les-bons-cadeaux","status":"publish","type":"page","link":"https:\/\/lauralecoeur.fr\/index.php\/les-bons-cadeaux\/","title":{"rendered":"Bons cadeaux"},"content":{"rendered":"\n<p>Tout au long de l&rsquo;ann\u00e9e, vous pouvez commander des bons cadeaux pour un <strong>massage relaxation<\/strong>.<\/p>\n\n\n\n<p>Pour les occasions particuli\u00e8res (Saint-Valentin, F\u00eate des m\u00e8res, No\u00ebl), les bons cadeaux sont aux couleurs de la f\u00eate concern\u00e9e.<\/p>\n\n\n\n<div class=\"wp-block-group is-nowrap is-layout-flex wp-container-core-group-is-layout-ad2f72ca wp-block-group-is-layout-flex\">\n<div class=\"wp-block-group\"><div class=\"wp-block-group__inner-container is-layout-constrained wp-block-group-is-layout-constrained\">\n<p><strong>Les d\u00e9tails : <\/strong><\/p>\n\n\n\n<ul class=\"wp-block-list\">\n<li>Tarif : 55 \u20ac<\/li>\n\n\n\n<li>Dur\u00e9e du massage : 45 minutes (pr\u00e9voir 1h de RDV)<\/li>\n\n\n\n<li>D\u00e9lai de validit\u00e9 : 1 an<\/li>\n<\/ul>\n<\/div><\/div>\n\n\n<div class=\"wp-block-image\">\n<figure class=\"aligncenter size-large is-resized\"><img loading=\"lazy\" decoding=\"async\" width=\"1024\" height=\"726\" src=\"https:\/\/lauralecoeur.fr\/wp-content\/uploads\/2025\/02\/Laura-Lecoeur-Massage-traditionnel-chinois-1024x726.jpg\" alt=\"\" class=\"wp-image-286\" style=\"width:384px;height:auto\" srcset=\"https:\/\/lauralecoeur.fr\/wp-content\/uploads\/2025\/02\/Laura-Lecoeur-Massage-traditionnel-chinois-1024x726.jpg 1024w, https:\/\/lauralecoeur.fr\/wp-content\/uploads\/2025\/02\/Laura-Lecoeur-Massage-traditionnel-chinois-300x213.jpg 300w, https:\/\/lauralecoeur.fr\/wp-content\/uploads\/2025\/02\/Laura-Lecoeur-Massage-traditionnel-chinois-768x545.jpg 768w, https:\/\/lauralecoeur.fr\/wp-content\/uploads\/2025\/02\/Laura-Lecoeur-Massage-traditionnel-chinois-1536x1090.jpg 1536w, https:\/\/lauralecoeur.fr\/wp-content\/uploads\/2025\/02\/Laura-Lecoeur-Massage-traditionnel-chinois.jpg 1748w\" sizes=\"auto, (max-width: 1024px) 100vw, 1024px\" \/><\/figure>\n<\/div><\/div>\n\n\n\n<p><strong>Comment commander son bon cadeau ? <\/strong><\/p>\n\n\n\n<p>La commande se fait : <\/p>\n\n\n\n<ul class=\"wp-block-list\">\n<li>par <strong>t\u00e9l\u00e9phone <\/strong>au 07.62.48.48.85<\/li>\n\n\n\n<li>ou par <strong>mail <\/strong>\u00e0 l&rsquo;adresse ci-dessus en indiquant votre nom, votre adresse, le nom de la personne destinataire du bon cadeau.<\/li>\n<\/ul>\n\n\n\n<p>Le bon cadeau est envoy\u00e9 \u00e0 votre adresse postale d\u00e8s r\u00e9ception du paiement. Celui-ci peut \u00eatre effectu\u00e9 par ch\u00e8que ou par virement.<\/p>\n","protected":false},"excerpt":{"rendered":"<p>Tout au long de l&rsquo;ann\u00e9e, vous pouvez commander des bons cadeaux pour un massage relaxation. Pour les occasions particuli\u00e8res (Saint-Valentin, F\u00eate des m\u00e8res, No\u00ebl), les bons cadeaux sont aux couleurs &hellip; <\/p>\n","protected":false},"author":1,"featured_media":91,"parent":0,"menu_order":0,"comment_status":"closed","ping_status":"closed","template":"","meta":{"footnotes":""},"class_list":["post-280","page","type-page","status-publish","has-post-thumbnail","hentry"],"_links":{"self":[{"href":"https:\/\/lauralecoeur.fr\/index.php\/wp-json\/wp\/v2\/pages\/280","targetHints":{"allow":["GET"]}}],"collection":[{"href":"https:\/\/lauralecoeur.fr\/index.php\/wp-json\/wp\/v2\/pages"}],"about":[{"href":"https:\/\/lauralecoeur.fr\/index.php\/wp-json\/wp\/v2\/types\/page"}],"author":[{"embeddable":true,"href":"https:\/\/lauralecoeur.fr\/index.php\/wp-json\/wp\/v2\/users\/1"}],"replies":[{"embeddable":true,"href":"https:\/\/lauralecoeur.fr\/index.php\/wp-json\/wp\/v2\/comments?post=280"}],"version-history":[{"count":12,"href":"https:\/\/lauralecoeur.fr\/index.php\/wp-json\/wp\/v2\/pages\/280\/revisions"}],"predecessor-version":[{"id":613,"href":"https:\/\/lauralecoeur.fr\/index.php\/wp-json\/wp\/v2\/pages\/280\/revisions\/613"}],"wp:featuredmedia":[{"embeddable":true,"href":"https:\/\/lauralecoeur.fr\/index.php\/wp-json\/wp\/v2\/media\/91"}],"wp:attachment":[{"href":"https:\/\/lauralecoeur.fr\/index.php\/wp-json\/wp\/v2\/media?parent=280"}],"curies":[{"name":"wp","href":"https:\/\/api.w.org\/{rel}","templated":true}]}}