{"id":29,"date":"2024-06-02T15:57:21","date_gmt":"2024-06-02T13:57:21","guid":{"rendered":"https:\/\/lauralecoeur.fr\/?page_id=29"},"modified":"2026-04-14T16:45:19","modified_gmt":"2026-04-14T14:45:19","slug":"les-diapasons-therapeutiques","status":"publish","type":"page","link":"https:\/\/lauralecoeur.fr\/index.php\/les-diapasons-therapeutiques\/","title":{"rendered":"Diapasons"},"content":{"rendered":"\n<p>La sonoth\u00e9rapie, notamment le diapason, utilise la vibration sonore des instruments.<\/p>\n\n\n\n<p>Le diapason peut \u00eatre utilis\u00e9&nbsp;:<\/p>\n\n\n\n<ul class=\"wp-block-list\">\n<li>sur le corps&nbsp;: une agr\u00e9able vibration est perceptible, favorisant le l\u00e2cher prise sur les plans physique et mental ;<\/li>\n\n\n\n<li>en \u00e9coute : la vibration est dirig\u00e9e vers les ondes c\u00e9r\u00e9brales et le syst\u00e8me nerveux.<\/li>\n<\/ul>\n\n\n\n<p>D\u2019une mani\u00e8re g\u00e9n\u00e9rale, le diapason s\u2019adresse principalement aux personnes en recherche de <strong>relaxation <\/strong>et de <strong>bien-\u00eatre<\/strong>, ou <strong>concern\u00e9es par le stress ou des troubles \u00e9motionnels ponctuels.<\/strong><\/p>\n\n\n\n<p>Je l\u2019utilise souvent en compl\u00e9ment du massage traditionnel chinois. Le diapason <strong>peut aussi faire l\u2019objet d\u2019une s\u00e9ance compl\u00e8te pour les personnes qui le souhaitent<\/strong>. Dans ce cas, la s\u00e9ance pourra \u00eatre pratiqu\u00e9e sur des v\u00eatements.<\/p>\n\n\n<div class=\"wp-block-image\">\n<figure class=\"aligncenter size-large is-resized\"><img loading=\"lazy\" decoding=\"async\" width=\"768\" height=\"1024\" src=\"https:\/\/lauralecoeur.fr\/wp-content\/uploads\/2026\/04\/diapason-768x1024.jpg\" alt=\"\" class=\"wp-image-625\" style=\"width:268px;height:auto\" srcset=\"https:\/\/lauralecoeur.fr\/wp-content\/uploads\/2026\/04\/diapason-768x1024.jpg 768w, https:\/\/lauralecoeur.fr\/wp-content\/uploads\/2026\/04\/diapason-225x300.jpg 225w, https:\/\/lauralecoeur.fr\/wp-content\/uploads\/2026\/04\/diapason.jpg 1080w\" sizes=\"auto, (max-width: 768px) 100vw, 768px\" \/><\/figure>\n<\/div>\n\n\n<p>Une s\u00e9ance dure environ 1 heure ; le tarif est de 55 \u20ac. <\/p>\n\n\n\n<p>Le diapason est contre-indiqu\u00e9 aux femmes enceintes, aux personnes portant un pacemaker ou d\u00e9fibrillateur cardiaque implantable, aux personnes souffrant d\u2019\u00e9pilepsie, aux personnes atteintes d&rsquo;un cancer en cours de traitement.<\/p>\n\n\n\n<p style=\"text-decoration:underline\"><em><u>Il est ici pr\u00e9cis\u00e9 que la sonoth\u00e9rapie ne remplace en aucun cas l<\/u>es soins m\u00e9dicaux ou de kin\u00e9sith\u00e9rapie. <\/em><\/p>\n","protected":false},"excerpt":{"rendered":"<p>La sonoth\u00e9rapie, notamment le diapason, utilise la vibration sonore des instruments. Le diapason peut \u00eatre utilis\u00e9&nbsp;: D\u2019une mani\u00e8re g\u00e9n\u00e9rale, le diapason s\u2019adresse principalement aux personnes en recherche de relaxation et &hellip; <\/p>\n","protected":false},"author":1,"featured_media":91,"parent":0,"menu_order":0,"comment_status":"closed","ping_status":"closed","template":"","meta":{"footnotes":""},"class_list":["post-29","page","type-page","status-publish","has-post-thumbnail","hentry"],"_links":{"self":[{"href":"https:\/\/lauralecoeur.fr\/index.php\/wp-json\/wp\/v2\/pages\/29","targetHints":{"allow":["GET"]}}],"collection":[{"href":"https:\/\/lauralecoeur.fr\/index.php\/wp-json\/wp\/v2\/pages"}],"about":[{"href":"https:\/\/lauralecoeur.fr\/index.php\/wp-json\/wp\/v2\/types\/page"}],"author":[{"embeddable":true,"href":"https:\/\/lauralecoeur.fr\/index.php\/wp-json\/wp\/v2\/users\/1"}],"replies":[{"embeddable":true,"href":"https:\/\/lauralecoeur.fr\/index.php\/wp-json\/wp\/v2\/comments?post=29"}],"version-history":[{"count":21,"href":"https:\/\/lauralecoeur.fr\/index.php\/wp-json\/wp\/v2\/pages\/29\/revisions"}],"predecessor-version":[{"id":630,"href":"https:\/\/lauralecoeur.fr\/index.php\/wp-json\/wp\/v2\/pages\/29\/revisions\/630"}],"wp:featuredmedia":[{"embeddable":true,"href":"https:\/\/lauralecoeur.fr\/index.php\/wp-json\/wp\/v2\/media\/91"}],"wp:attachment":[{"href":"https:\/\/lauralecoeur.fr\/index.php\/wp-json\/wp\/v2\/media?parent=29"}],"curies":[{"name":"wp","href":"https:\/\/api.w.org\/{rel}","templated":true}]}}