{"id":368,"date":"2025-06-07T12:25:05","date_gmt":"2025-06-07T10:25:05","guid":{"rendered":"https:\/\/lauralecoeur.fr\/?page_id=368"},"modified":"2025-07-24T16:30:57","modified_gmt":"2025-07-24T14:30:57","slug":"le-chi-nei-tsang","status":"publish","type":"page","link":"https:\/\/lauralecoeur.fr\/index.php\/le-chi-nei-tsang\/","title":{"rendered":"Chi Nei Tsang"},"content":{"rendered":"\n<p>Il s&rsquo;agit d&rsquo;un massage abdominal d&rsquo;origine tao\u00efste que l&rsquo;on peut traduire par \u00ab\u00a0l&rsquo;\u00e9nergie des organes internes\u00a0\u00bb. Cette technique plurimill\u00e9naire a \u00e9t\u00e9 introduite en Occident par Mantak Chia au XX\u00e8me si\u00e8cle. <\/p>\n\n\n\n<p>Le Chi Nei Tsang repose sur les principes th\u00e9oriques de l&rsquo;\u00e9nerg\u00e9tique chinoise, selon laquelle l&rsquo;abdomen est le support de nos \u00e9motions et chaque organe g\u00e8re un aspect \u00e9motionnel particulier. Selon ces principes, une bonne circulation \u00e9nerg\u00e9tique abdominale est donc une condition n\u00e9cessaire \u00e0 un bon \u00e9quilibre \u00e9motionnel. Il est int\u00e9ressant de faire un lien avec le monde occidental qui consid\u00e8re d\u00e9sormais le ventre comme notre deuxi\u00e8me cerveau.<\/p>\n\n\n\n<div class=\"wp-block-group is-nowrap is-layout-flex wp-container-core-group-is-layout-ad2f72ca wp-block-group-is-layout-flex\">\n<figure class=\"wp-block-image size-large is-resized\"><img loading=\"lazy\" decoding=\"async\" width=\"768\" height=\"1024\" src=\"https:\/\/lauralecoeur.fr\/wp-content\/uploads\/2025\/07\/CNT-768x1024.jpeg\" alt=\"\" class=\"wp-image-591\" style=\"width:286px;height:auto\" srcset=\"https:\/\/lauralecoeur.fr\/wp-content\/uploads\/2025\/07\/CNT-768x1024.jpeg 768w, https:\/\/lauralecoeur.fr\/wp-content\/uploads\/2025\/07\/CNT-225x300.jpeg 225w, https:\/\/lauralecoeur.fr\/wp-content\/uploads\/2025\/07\/CNT.jpeg 1080w\" sizes=\"auto, (max-width: 768px) 100vw, 768px\" \/><\/figure>\n\n\n\n<div class=\"wp-block-group\"><div class=\"wp-block-group__inner-container is-layout-constrained wp-block-group-is-layout-constrained\">\n<p><strong>Ses principaux objectifs sont de : <\/strong><\/p>\n\n\n\n<ul class=\"wp-block-list\">\n<li>lib\u00e9rer les tensions abdominales ;<\/li>\n<\/ul>\n\n\n\n<ul class=\"wp-block-list\">\n<li>d\u00e9toxifier les organes ;<\/li>\n<\/ul>\n\n\n\n<ul class=\"wp-block-list\">\n<li>contribuer \u00e0 un meilleur confort digestif et intestinal ;<\/li>\n<\/ul>\n\n\n\n<ul class=\"wp-block-list\">\n<li>aider \u00e0 la digestion \u00ab\u00a0\u00e9motionnelle\u00a0\u00bb. <\/li>\n<\/ul>\n<\/div><\/div>\n<\/div>\n\n\n\n<p><\/p>\n\n\n\n<p><strong>Ma pratique du Chi Nei Tsang : <\/strong><\/p>\n\n\n\n<p>Apr\u00e8s un \u00e9change, le premier temps du massage est d\u00e9di\u00e9 \u00e0 la relaxation, notamment gr\u00e2ce \u00e0 un massage du cr\u00e2ne. Cela facilite la prise de contact avec l&rsquo;abdomen dans un second temps. Puis, les organes concern\u00e9s par le massage sont principalement l&rsquo;estomac, la rate, le foie, la v\u00e9sicule biliaire et les intestins. <\/p>\n\n\n\n<p>Il s&rsquo;agit d&rsquo;un travail en profondeur sur les organes mais la progression se fait en douceur pour une meilleure efficacit\u00e9 du massage. <\/p>\n\n\n\n<p>Une s\u00e9ance dure environ <strong>1h15 <\/strong>et commence par un temps d\u2019\u00e9change. Le tarif est de <strong>60 \u20ac<\/strong>. (Le paiement par carte bancaire n&rsquo;est pas possible.)<\/p>\n\n\n\n<p><strong>Contre-indications : <\/strong><\/p>\n\n\n\n<ul class=\"wp-block-list\">\n<li>interventions chirurgicales r\u00e9centes au niveau abdominal ;<\/li>\n\n\n\n<li>cancer en cours de traitement ;<\/li>\n\n\n\n<li>pathologie cardiaque, circulatoire ou digestive grave ;<\/li>\n\n\n\n<li>grossesse ;<\/li>\n\n\n\n<li>\u00e9tat infectieux. <\/li>\n<\/ul>\n\n\n\n<p><em><strong>Ce massage ne remplace pas les soins m\u00e9dicaux ou de kin\u00e9sith\u00e9rapie. Seule la m\u00e9decine conventionnelle est habilit\u00e9e \u00e0 poser un diagnostic <em>m\u00e9dical<\/em> et \u00e0 prescrire un traitement m\u00e9dical.<\/strong><\/em><\/p>\n\n\n\n<p><\/p>\n","protected":false},"excerpt":{"rendered":"<p>Il s&rsquo;agit d&rsquo;un massage abdominal d&rsquo;origine tao\u00efste que l&rsquo;on peut traduire par \u00ab\u00a0l&rsquo;\u00e9nergie des organes internes\u00a0\u00bb. Cette technique plurimill\u00e9naire a \u00e9t\u00e9 introduite en Occident par Mantak Chia au XX\u00e8me si\u00e8cle. &hellip; <\/p>\n","protected":false},"author":1,"featured_media":91,"parent":0,"menu_order":0,"comment_status":"closed","ping_status":"closed","template":"","meta":{"footnotes":""},"class_list":["post-368","page","type-page","status-publish","has-post-thumbnail","hentry"],"_links":{"self":[{"href":"https:\/\/lauralecoeur.fr\/index.php\/wp-json\/wp\/v2\/pages\/368","targetHints":{"allow":["GET"]}}],"collection":[{"href":"https:\/\/lauralecoeur.fr\/index.php\/wp-json\/wp\/v2\/pages"}],"about":[{"href":"https:\/\/lauralecoeur.fr\/index.php\/wp-json\/wp\/v2\/types\/page"}],"author":[{"embeddable":true,"href":"https:\/\/lauralecoeur.fr\/index.php\/wp-json\/wp\/v2\/users\/1"}],"replies":[{"embeddable":true,"href":"https:\/\/lauralecoeur.fr\/index.php\/wp-json\/wp\/v2\/comments?post=368"}],"version-history":[{"count":12,"href":"https:\/\/lauralecoeur.fr\/index.php\/wp-json\/wp\/v2\/pages\/368\/revisions"}],"predecessor-version":[{"id":597,"href":"https:\/\/lauralecoeur.fr\/index.php\/wp-json\/wp\/v2\/pages\/368\/revisions\/597"}],"wp:featuredmedia":[{"embeddable":true,"href":"https:\/\/lauralecoeur.fr\/index.php\/wp-json\/wp\/v2\/media\/91"}],"wp:attachment":[{"href":"https:\/\/lauralecoeur.fr\/index.php\/wp-json\/wp\/v2\/media?parent=368"}],"curies":[{"name":"wp","href":"https:\/\/api.w.org\/{rel}","templated":true}]}}