{"id":397,"date":"2025-07-10T17:01:20","date_gmt":"2025-07-10T15:01:20","guid":{"rendered":"https:\/\/lauralecoeur.fr\/?page_id=397"},"modified":"2025-08-06T12:34:20","modified_gmt":"2025-08-06T10:34:20","slug":"massages-en-entreprises","status":"publish","type":"page","link":"https:\/\/lauralecoeur.fr\/index.php\/massages-en-entreprises\/","title":{"rendered":"Massages en entreprises"},"content":{"rendered":"\n<p>Je me d\u00e9place en milieu professionnel pour pratiquer des s\u00e9ances courtes (environ 20 minutes) de massage traditionnel chinois (<a href=\"https:\/\/lauralecoeur.fr\/index.php\/energetique-chinoise\/\" data-type=\"page\" data-id=\"12\">Tuina<\/a>).<br>Il s\u2019agit de massages sur table, principalement du dos, des \u00e9paules et de la nuque.<\/p>\n\n\n\n<p>Le massage est adapt\u00e9 selon les besoins de chacun pour recevoir une s\u00e9ance sur-mesure. <\/p>\n\n\n\n<p>L&rsquo;utilisation d&rsquo;une huile de massage est propos\u00e9e. Selon le choix de chacun, un massage sur v\u00eatement reste possible. <\/p>\n\n\n\n<p>Les cr\u00e9neaux peuvent notamment \u00eatre plac\u00e9s pendant la pause d\u00e9jeuner ou en fin de journ\u00e9e.<\/p>\n\n\n\n<div class=\"wp-block-group is-nowrap is-layout-flex wp-container-core-group-is-layout-ad2f72ca wp-block-group-is-layout-flex\"><div class=\"wp-block-image\">\n<figure class=\"aligncenter size-large is-resized\"><img loading=\"lazy\" decoding=\"async\" width=\"768\" height=\"1024\" src=\"https:\/\/lauralecoeur.fr\/wp-content\/uploads\/2025\/07\/IMG_20241208_162214-1-768x1024.jpg\" alt=\"\" class=\"wp-image-486\" style=\"width:265px;height:auto\" srcset=\"https:\/\/lauralecoeur.fr\/wp-content\/uploads\/2025\/07\/IMG_20241208_162214-1-768x1024.jpg 768w, https:\/\/lauralecoeur.fr\/wp-content\/uploads\/2025\/07\/IMG_20241208_162214-1-225x300.jpg 225w, https:\/\/lauralecoeur.fr\/wp-content\/uploads\/2025\/07\/IMG_20241208_162214-1-1152x1536.jpg 1152w, https:\/\/lauralecoeur.fr\/wp-content\/uploads\/2025\/07\/IMG_20241208_162214-1-1536x2048.jpg 1536w, https:\/\/lauralecoeur.fr\/wp-content\/uploads\/2025\/07\/IMG_20241208_162214-1-scaled.jpg 1920w\" sizes=\"auto, (max-width: 768px) 100vw, 768px\" \/><\/figure>\n<\/div>\n\n\n<div class=\"wp-block-group\"><div class=\"wp-block-group__inner-container is-layout-constrained wp-block-group-is-layout-constrained\">\n<p>Les <strong>bienfaits <\/strong>de ces massages sont :<\/p>\n\n\n\n<ul class=\"wp-block-list\">\n<li>la <strong>r\u00e9duction du stress<\/strong> ;<\/li>\n\n\n\n<li>la <strong>diminution des tensions physiques<\/strong> ; <\/li>\n\n\n\n<li>une <strong>reconnexion \u00e0 son corps<\/strong>, permettant de mieux r\u00e9adapter soi-m\u00eame sa posture.<\/li>\n<\/ul>\n\n\n\n<p><br><strong>Pour les employeurs<\/strong>, les massages en milieu professionnel constituent un \u00e9l\u00e9ment de r\u00e9ponse \u00e0 la probl\u00e9matique de la <strong>qualit\u00e9 de vie au travail<\/strong>. <\/p>\n\n\n\n<p>Ils permettent un recentrage des employ\u00e9s, d&rsquo;o\u00f9 une meilleure <strong>concentration, <\/strong>et donc une meilleure <strong>performance<\/strong>.<\/p>\n<\/div><\/div>\n<\/div>\n\n\n\n<p><\/p>\n\n\n\n<p>Tarif : 30 \u20ac par demi-heure (hors temps d&rsquo;installation et de d\u00e9sinstallation). <br><\/p>\n\n\n\n<h2 class=\"wp-block-heading\"><\/h2>\n\n\n\n<p><\/p>\n","protected":false},"excerpt":{"rendered":"<p>Je me d\u00e9place en milieu professionnel pour pratiquer des s\u00e9ances courtes (environ 20 minutes) de massage traditionnel chinois (Tuina).Il s\u2019agit de massages sur table, principalement du dos, des \u00e9paules et &hellip; <\/p>\n","protected":false},"author":1,"featured_media":575,"parent":0,"menu_order":0,"comment_status":"closed","ping_status":"closed","template":"","meta":{"footnotes":""},"class_list":["post-397","page","type-page","status-publish","has-post-thumbnail","hentry"],"_links":{"self":[{"href":"https:\/\/lauralecoeur.fr\/index.php\/wp-json\/wp\/v2\/pages\/397","targetHints":{"allow":["GET"]}}],"collection":[{"href":"https:\/\/lauralecoeur.fr\/index.php\/wp-json\/wp\/v2\/pages"}],"about":[{"href":"https:\/\/lauralecoeur.fr\/index.php\/wp-json\/wp\/v2\/types\/page"}],"author":[{"embeddable":true,"href":"https:\/\/lauralecoeur.fr\/index.php\/wp-json\/wp\/v2\/users\/1"}],"replies":[{"embeddable":true,"href":"https:\/\/lauralecoeur.fr\/index.php\/wp-json\/wp\/v2\/comments?post=397"}],"version-history":[{"count":20,"href":"https:\/\/lauralecoeur.fr\/index.php\/wp-json\/wp\/v2\/pages\/397\/revisions"}],"predecessor-version":[{"id":604,"href":"https:\/\/lauralecoeur.fr\/index.php\/wp-json\/wp\/v2\/pages\/397\/revisions\/604"}],"wp:featuredmedia":[{"embeddable":true,"href":"https:\/\/lauralecoeur.fr\/index.php\/wp-json\/wp\/v2\/media\/575"}],"wp:attachment":[{"href":"https:\/\/lauralecoeur.fr\/index.php\/wp-json\/wp\/v2\/media?parent=397"}],"curies":[{"name":"wp","href":"https:\/\/api.w.org\/{rel}","templated":true}]}}