{"id":430,"date":"2025-07-18T17:48:42","date_gmt":"2025-07-18T15:48:42","guid":{"rendered":"https:\/\/lauralecoeur.fr\/?page_id=430"},"modified":"2026-03-03T15:36:55","modified_gmt":"2026-03-03T14:36:55","slug":"reflexologie","status":"publish","type":"page","link":"https:\/\/lauralecoeur.fr\/index.php\/reflexologie\/","title":{"rendered":"R\u00e9flexologie"},"content":{"rendered":"\n<p>Les massages du pied se pratiquaient d\u00e9j\u00e0 dans la Chine ancienne. Puis, au XX\u00e8me si\u00e8cle, la r\u00e9flexologie plantaire a \u00e9t\u00e9 d\u00e9velopp\u00e9e par les Occidentaux. La Chine a alors int\u00e9gr\u00e9 ces apports et s\u2019est r\u00e9appropri\u00e9 cette discipline. <strong>La r\u00e9flexologie plantaire chinoise a ainsi pour particularit\u00e9s <\/strong>notamment :<\/p>\n\n\n\n<ul class=\"wp-block-list\">\n<li><strong>ses techniques de massage <\/strong>;<\/li>\n\n\n\n<li><strong>ses fondements th\u00e9oriques, issus de l\u2019\u00e9nerg\u00e9tique chinoise<\/strong>&nbsp;: \u00e9quilibre du yin et du yang, cinq \u00e9l\u00e9ments, \u2026 &nbsp;<\/li>\n<\/ul>\n\n\n\n<p><strong>Le fonctionnement de la r\u00e9flexologie <\/strong>repose sur deux principes&nbsp;:<\/p>\n\n\n\n<ul class=\"wp-block-list\">\n<li>A l\u2019image du concept microcosme \/ macrocosme cher au tao\u00efsme, la r\u00e9flexologie plantaire admet que <strong>le pied est une repr\u00e9sentation du corps entier<\/strong>. Autrement dit, <strong>chaque partie du corps est en correspondance avec une zone du pied<\/strong> ;<\/li>\n\n\n\n<li><strong>l\u2019arc r\u00e9flexe<\/strong>&nbsp;: c\u2019est le circuit nerveux qui permet une r\u00e9action de l\u2019organisme suite \u00e0 un stimulus. Ici, la peau est le r\u00e9cepteur sensoriel, qui envoie une information par le nerf au syst\u00e8me nerveux central. Celui-ci renvoie alors une r\u00e9ponse par le nerf jusqu\u2019\u00e0 l\u2019organe concern\u00e9.<\/li>\n<\/ul>\n\n\n\n<div class=\"wp-block-group is-nowrap is-layout-flex wp-container-core-group-is-layout-ad2f72ca wp-block-group-is-layout-flex\">\n<figure class=\"wp-block-image size-large is-resized\"><img loading=\"lazy\" decoding=\"async\" width=\"768\" height=\"1024\" src=\"https:\/\/lauralecoeur.fr\/wp-content\/uploads\/2025\/07\/pied-768x1024.jpeg\" alt=\"\" class=\"wp-image-593\" style=\"width:314px;height:auto\" srcset=\"https:\/\/lauralecoeur.fr\/wp-content\/uploads\/2025\/07\/pied-768x1024.jpeg 768w, https:\/\/lauralecoeur.fr\/wp-content\/uploads\/2025\/07\/pied-225x300.jpeg 225w, https:\/\/lauralecoeur.fr\/wp-content\/uploads\/2025\/07\/pied.jpeg 1080w\" sizes=\"auto, (max-width: 768px) 100vw, 768px\" \/><\/figure>\n\n\n\n<div class=\"wp-block-group\"><div class=\"wp-block-group__inner-container is-layout-constrained wp-block-group-is-layout-constrained\">\n<p><strong>Les bienfaits de la r\u00e9flexologie&nbsp;:<\/strong><\/p>\n\n\n\n<p>La r\u00e9flexologie plantaire <strong>est id\u00e9ale pour le l\u00e2cher prise, la d\u00e9tente physique et psychique<\/strong>.<\/p>\n\n\n\n<p>Elle favorise aussi la <strong>circulation sanguine et lymphatique<\/strong> et, en cons\u00e9quence, un bon <strong>fonctionnement physiologique<\/strong>.<\/p>\n<\/div><\/div>\n<\/div>\n\n\n\n<p><\/p>\n\n\n\n<p><strong>D\u00e9roulement de la s\u00e9ance&nbsp;:<\/strong><\/p>\n\n\n\n<p>La s\u00e9ance de r\u00e9flexologie commence par un <strong>bain de pied<\/strong> pour favoriser la d\u00e9tente, comme cela est pratiqu\u00e9 dans la tradition chinoise.<\/p>\n\n\n\n<p>Le massage proprement dit, dure environ 40 \u00e0 45 minutes. J\u2019applique d&rsquo;abord une <strong>huile sur les pieds et les jambes<\/strong>. Puis, plusieurs formes diff\u00e9rentes d&rsquo;acupression sont utilis\u00e9es.<\/p>\n\n\n\n<p>La dur\u00e9e totale du RDV est d\u2019environ une heure. <strong>Le tarif est de 55 \u20ac<\/strong>. (Le paiement par carte bancaire n&rsquo;est pas possible.)<\/p>\n\n\n\n<p><\/p>\n\n\n\n<p><strong>Contre-indications&nbsp;:<\/strong><\/p>\n\n\n\n<ul class=\"wp-block-list\">\n<li>maladies cardio-vasculaires, <\/li>\n\n\n\n<li>maladies graves, <\/li>\n\n\n\n<li>maladies infectieuses, <\/li>\n\n\n\n<li>grossesse.<\/li>\n<\/ul>\n\n\n\n<p><strong><em> La r\u00e9flexologie plantaire s&rsquo;inscrit dans le cadre du massage bien-\u00eatre. En cons\u00e9quence, aucun diagnostic m\u00e9dical n&rsquo;est pos\u00e9 et les s\u00e9ances n&rsquo;interviennent dans aucune d\u00e9cision th\u00e9rapeutique. <\/em><\/strong><\/p>\n\n\n\n<p><\/p>\n","protected":false},"excerpt":{"rendered":"<p>Les massages du pied se pratiquaient d\u00e9j\u00e0 dans la Chine ancienne. Puis, au XX\u00e8me si\u00e8cle, la r\u00e9flexologie plantaire a \u00e9t\u00e9 d\u00e9velopp\u00e9e par les Occidentaux. La Chine a alors int\u00e9gr\u00e9 ces &hellip; <\/p>\n","protected":false},"author":1,"featured_media":575,"parent":0,"menu_order":0,"comment_status":"closed","ping_status":"closed","template":"","meta":{"footnotes":""},"class_list":["post-430","page","type-page","status-publish","has-post-thumbnail","hentry"],"_links":{"self":[{"href":"https:\/\/lauralecoeur.fr\/index.php\/wp-json\/wp\/v2\/pages\/430","targetHints":{"allow":["GET"]}}],"collection":[{"href":"https:\/\/lauralecoeur.fr\/index.php\/wp-json\/wp\/v2\/pages"}],"about":[{"href":"https:\/\/lauralecoeur.fr\/index.php\/wp-json\/wp\/v2\/types\/page"}],"author":[{"embeddable":true,"href":"https:\/\/lauralecoeur.fr\/index.php\/wp-json\/wp\/v2\/users\/1"}],"replies":[{"embeddable":true,"href":"https:\/\/lauralecoeur.fr\/index.php\/wp-json\/wp\/v2\/comments?post=430"}],"version-history":[{"count":20,"href":"https:\/\/lauralecoeur.fr\/index.php\/wp-json\/wp\/v2\/pages\/430\/revisions"}],"predecessor-version":[{"id":614,"href":"https:\/\/lauralecoeur.fr\/index.php\/wp-json\/wp\/v2\/pages\/430\/revisions\/614"}],"wp:featuredmedia":[{"embeddable":true,"href":"https:\/\/lauralecoeur.fr\/index.php\/wp-json\/wp\/v2\/media\/575"}],"wp:attachment":[{"href":"https:\/\/lauralecoeur.fr\/index.php\/wp-json\/wp\/v2\/media?parent=430"}],"curies":[{"name":"wp","href":"https:\/\/api.w.org\/{rel}","templated":true}]}}