{"id":632,"date":"2026-05-03T18:14:29","date_gmt":"2026-05-03T16:14:29","guid":{"rendered":"https:\/\/lauralecoeur.fr\/?page_id=632"},"modified":"2026-05-03T18:42:42","modified_gmt":"2026-05-03T16:42:42","slug":"massages-a-domicile","status":"publish","type":"page","link":"https:\/\/lauralecoeur.fr\/index.php\/massages-a-domicile\/","title":{"rendered":"Massages \u00e0 domicile"},"content":{"rendered":"\n<p>Je propose aussi le massage \u00e0 domicile dans les communes de : <\/p>\n\n\n\n<ul class=\"wp-block-list\">\n<li>La Roche-sur-Yon,<\/li>\n\n\n\n<li>Mouilleron-le-Captif, <\/li>\n\n\n\n<li>Le Poir\u00e9-sur-Vie,<\/li>\n\n\n\n<li>Aizenay, <\/li>\n\n\n\n<li>Venansault,  <\/li>\n\n\n\n<li>Beaulieu-sous-la Roche.  <\/li>\n<\/ul>\n\n\n\n<p>Conditions : disposer \u00e0 votre domicile d&rsquo;un espace d&rsquo;environ 7m\u00b2 au moins, de pr\u00e9f\u00e9rence au calme. <\/p>\n\n\n\n<p>Ce service est ouvert uniquement aux femmes. <\/p>\n\n\n\n<p>Frais de d\u00e9placement : forfait de 10 \u20ac (5 \u20ac seulement pour la r\u00e9flexologie plantaire pour laquelle le bain de pied n&rsquo;est pas r\u00e9alis\u00e9 \u00e0 domicile). <\/p>\n","protected":false},"excerpt":{"rendered":"<p>Je propose aussi le massage \u00e0 domicile dans les communes de : Conditions : disposer \u00e0 votre domicile d&rsquo;un espace d&rsquo;environ 7m\u00b2 au moins, de pr\u00e9f\u00e9rence au calme. Ce service &hellip; <\/p>\n","protected":false},"author":1,"featured_media":91,"parent":0,"menu_order":0,"comment_status":"closed","ping_status":"closed","template":"","meta":{"footnotes":""},"class_list":["post-632","page","type-page","status-publish","has-post-thumbnail","hentry"],"_links":{"self":[{"href":"https:\/\/lauralecoeur.fr\/index.php\/wp-json\/wp\/v2\/pages\/632","targetHints":{"allow":["GET"]}}],"collection":[{"href":"https:\/\/lauralecoeur.fr\/index.php\/wp-json\/wp\/v2\/pages"}],"about":[{"href":"https:\/\/lauralecoeur.fr\/index.php\/wp-json\/wp\/v2\/types\/page"}],"author":[{"embeddable":true,"href":"https:\/\/lauralecoeur.fr\/index.php\/wp-json\/wp\/v2\/users\/1"}],"replies":[{"embeddable":true,"href":"https:\/\/lauralecoeur.fr\/index.php\/wp-json\/wp\/v2\/comments?post=632"}],"version-history":[{"count":2,"href":"https:\/\/lauralecoeur.fr\/index.php\/wp-json\/wp\/v2\/pages\/632\/revisions"}],"predecessor-version":[{"id":643,"href":"https:\/\/lauralecoeur.fr\/index.php\/wp-json\/wp\/v2\/pages\/632\/revisions\/643"}],"wp:featuredmedia":[{"embeddable":true,"href":"https:\/\/lauralecoeur.fr\/index.php\/wp-json\/wp\/v2\/media\/91"}],"wp:attachment":[{"href":"https:\/\/lauralecoeur.fr\/index.php\/wp-json\/wp\/v2\/media?parent=632"}],"curies":[{"name":"wp","href":"https:\/\/api.w.org\/{rel}","templated":true}]}}