{"id":64,"date":"2024-08-02T14:51:22","date_gmt":"2024-08-02T12:51:22","guid":{"rendered":"https:\/\/lauralecoeur.fr\/?page_id=64"},"modified":"2026-02-19T19:18:13","modified_gmt":"2026-02-19T18:18:13","slug":"accueil","status":"publish","type":"page","link":"https:\/\/lauralecoeur.fr\/","title":{"rendered":"Accueil"},"content":{"rendered":"\n<p>Sp\u00e9cialis\u00e9e dans le massage traditionnel chinois, je vous accueille dans mon salon de massage \u00e0 La Gen\u00e9touze (\u00e0 une dizaine de minutes de La Roche-sur-Yon), et je me d\u00e9place <a href=\"https:\/\/lauralecoeur.fr\/index.php\/massages-en-entreprises\/\" data-type=\"page\" data-id=\"397\"><strong>en milieu professionnel<\/strong><\/a>.<\/p>\n\n\n\n<div class=\"wp-block-group is-nowrap is-layout-flex wp-container-core-group-is-layout-ad2f72ca wp-block-group-is-layout-flex\">\n<div class=\"wp-block-group\"><div class=\"wp-block-group__inner-container is-layout-constrained wp-block-group-is-layout-constrained\">\n<div class=\"wp-block-group\"><div class=\"wp-block-group__inner-container is-layout-constrained wp-block-group-is-layout-constrained\">\n<p>Je pratique les massages chinois suivants :<\/p>\n\n\n\n<ul class=\"wp-block-list\">\n<li>Le <strong><a href=\"https:\/\/lauralecoeur.fr\/index.php\/energetique-chinoise\/\" data-type=\"page\" data-id=\"12\">Tuina<\/a><\/strong>, le pilier \u00ab\u00a0massage\u00a0\u00bb de l&rsquo;\u00e9nerg\u00e9tique chinoise ;<\/li>\n\n\n\n<li>le <strong><a href=\"https:\/\/lauralecoeur.fr\/index.php\/le-chi-nei-tsang\/\" data-type=\"page\" data-id=\"368\">Chi Nei Tsang<\/a><\/strong>, le massage abdominal tao\u00efste ;<\/li>\n\n\n\n<li>la <a href=\"https:\/\/lauralecoeur.fr\/index.php\/reflexologie\/\" data-type=\"page\" data-id=\"430\"><strong>R\u00e9flexologie <\/strong><\/a>plantaire chinoise.<\/li>\n<\/ul>\n\n\n\n<p class=\"has-text-align-left\">En compl\u00e9ment, je propose le<a href=\"https:\/\/lauralecoeur.fr\/index.php\/le-drainage-lymphatique\/\" data-type=\"page\" data-id=\"220\"> <strong>drainage lymphatique<\/strong><\/a> manuel de confort<em>. <\/em><\/p>\n<\/div><\/div>\n\n\n\n<p><\/p>\n\n\n\n<p>La <strong>prise de RDV<\/strong> se fait uniquement <strong>par t\u00e9l\u00e9phone<\/strong> au 07.62.48.48.85 <\/p>\n\n\n\n<p>Pour suivre mon <strong>actualit\u00e9<\/strong>, abonnez-vous \u00e0 ma page <strong>Facebook <\/strong>:<\/p>\n\n\n\n<p> <a href=\"https:\/\/www.facebook.com\/lauralecoeur.massagechinois\/\">https:\/\/www.facebook.com\/lauralecoeur.massagechinois\/<\/a><\/p>\n\n\n\n<p>Le samedi 28 f\u00e9vrier 2026, un <strong>atelier d&rsquo;automassage<\/strong> est organis\u00e9 sur le th\u00e8me du printemps. <\/p>\n\n\n\n<p>Retrouvez toutes les informations sur ma page Facebook. <\/p>\n<\/div><\/div>\n\n\n\n<figure class=\"wp-block-image size-large is-resized\"><img loading=\"lazy\" decoding=\"async\" width=\"768\" height=\"1024\" src=\"https:\/\/lauralecoeur.fr\/wp-content\/uploads\/2025\/07\/IMG_20241208_162214-768x1024.jpg\" alt=\"\" class=\"wp-image-480\" style=\"width:230px;height:auto\" srcset=\"https:\/\/lauralecoeur.fr\/wp-content\/uploads\/2025\/07\/IMG_20241208_162214-768x1024.jpg 768w, https:\/\/lauralecoeur.fr\/wp-content\/uploads\/2025\/07\/IMG_20241208_162214-225x300.jpg 225w, https:\/\/lauralecoeur.fr\/wp-content\/uploads\/2025\/07\/IMG_20241208_162214-1152x1536.jpg 1152w, https:\/\/lauralecoeur.fr\/wp-content\/uploads\/2025\/07\/IMG_20241208_162214-1536x2048.jpg 1536w, https:\/\/lauralecoeur.fr\/wp-content\/uploads\/2025\/07\/IMG_20241208_162214-scaled.jpg 1920w\" sizes=\"auto, (max-width: 768px) 100vw, 768px\" \/><\/figure>\n<\/div>\n\n\n\n<figure class=\"wp-block-image size-large is-resized\"><img loading=\"lazy\" decoding=\"async\" width=\"1024\" height=\"768\" src=\"https:\/\/lauralecoeur.fr\/wp-content\/uploads\/2025\/07\/cabinet-1024x768.jpg\" alt=\"\" class=\"wp-image-403\" style=\"width:347px;height:auto\" srcset=\"https:\/\/lauralecoeur.fr\/wp-content\/uploads\/2025\/07\/cabinet-1024x768.jpg 1024w, https:\/\/lauralecoeur.fr\/wp-content\/uploads\/2025\/07\/cabinet-300x225.jpg 300w, https:\/\/lauralecoeur.fr\/wp-content\/uploads\/2025\/07\/cabinet-768x576.jpg 768w, https:\/\/lauralecoeur.fr\/wp-content\/uploads\/2025\/07\/cabinet-1536x1152.jpg 1536w, https:\/\/lauralecoeur.fr\/wp-content\/uploads\/2025\/07\/cabinet-2048x1536.jpg 2048w, https:\/\/lauralecoeur.fr\/wp-content\/uploads\/2025\/07\/cabinet-640x480.jpg 640w, https:\/\/lauralecoeur.fr\/wp-content\/uploads\/2025\/07\/cabinet-110x83.jpg 110w\" sizes=\"auto, (max-width: 1024px) 100vw, 1024px\" \/><\/figure>\n\n\n\n<p class=\"has-text-align-left\"><strong>Vos impressions : <\/strong><\/p>\n\n\n\n<div class=\"wp-block-group\"><div class=\"wp-block-group__inner-container is-layout-constrained wp-block-group-is-layout-constrained\">\n<p>\u00ab\u00a0<em>Un vrai moment de d\u00e9tente et de rel\u00e2chement musculaire.<\/em>\u00a0\u00bb V.B., juin 2025<\/p>\n\n\n\n<p>\u00ab\u00a0<em>Laura est une personne douce et \u00e0 l&rsquo;\u00e9coute. J&rsquo;ai pu tester son massage relaxant dans son cabinet accueillant. C&rsquo;\u00e9tait un vrai moment de d\u00e9tente et une occasion de lib\u00e9rer mes tensions. Je recommande vivement Laura. C&rsquo;\u00e9tait un grand plaisir !<\/em>\u00a0\u00bb M.L., octobre 2024<\/p>\n\n\n\n<p>\u00ab\u00a0<em>\u00e7a faisait longtemps que je ne m&rsquo;\u00e9tais pas sentie aussi bien<\/em>\u00a0\u00bb M.D., mars 2025<\/p>\n\n\n\n<p>\u00ab\u00a0<em>Je remercie vivement Laura pour son accueil, son \u00e9coute, sa gentillesse. C&rsquo;est une personne tr\u00e8s douce, de ce fait son massage l&rsquo;est \u00e9galement. Je suis ressortie de chez elle apais\u00e9e, et une fois rentr\u00e9e chez moi, j&rsquo;ai pu continuer \u00e0 profiter des bienfaits de ce massage chinois gr\u00e2ce \u00e0 un sentiment de bien-\u00eatre et de z\u00e9nitude. Je vous la recommande vivement ! J&rsquo;y retournerai avec grand plaisir !!<\/em>\u00a0\u00bb V.B., septembre 2024<\/p>\n\n\n\n<p>\u00ab\u00a0<em>Massage au top, je me suis rapidement d\u00e9tendue. Laura Lecoeur est une vraie professionnelle pour les massages chinois. Les techniques utilis\u00e9es m&rsquo;ont apport\u00e9 du bien-\u00eatre et de la s\u00e9r\u00e9nit\u00e9. Je recommande \u00e0 100 %, encore merci.<\/em>\u00a0\u00bb F.L., avril 2025<\/p>\n<\/div><\/div>\n\n\n\n<p><\/p>\n","protected":false},"excerpt":{"rendered":"<p>Sp\u00e9cialis\u00e9e dans le massage traditionnel chinois, je vous accueille dans mon salon de massage \u00e0 La Gen\u00e9touze (\u00e0 une dizaine de minutes de La Roche-sur-Yon), et je me d\u00e9place en &hellip; <\/p>\n","protected":false},"author":1,"featured_media":575,"parent":0,"menu_order":0,"comment_status":"closed","ping_status":"closed","template":"","meta":{"footnotes":""},"class_list":["post-64","page","type-page","status-publish","has-post-thumbnail","hentry"],"_links":{"self":[{"href":"https:\/\/lauralecoeur.fr\/index.php\/wp-json\/wp\/v2\/pages\/64","targetHints":{"allow":["GET"]}}],"collection":[{"href":"https:\/\/lauralecoeur.fr\/index.php\/wp-json\/wp\/v2\/pages"}],"about":[{"href":"https:\/\/lauralecoeur.fr\/index.php\/wp-json\/wp\/v2\/types\/page"}],"author":[{"embeddable":true,"href":"https:\/\/lauralecoeur.fr\/index.php\/wp-json\/wp\/v2\/users\/1"}],"replies":[{"embeddable":true,"href":"https:\/\/lauralecoeur.fr\/index.php\/wp-json\/wp\/v2\/comments?post=64"}],"version-history":[{"count":84,"href":"https:\/\/lauralecoeur.fr\/index.php\/wp-json\/wp\/v2\/pages\/64\/revisions"}],"predecessor-version":[{"id":610,"href":"https:\/\/lauralecoeur.fr\/index.php\/wp-json\/wp\/v2\/pages\/64\/revisions\/610"}],"wp:featuredmedia":[{"embeddable":true,"href":"https:\/\/lauralecoeur.fr\/index.php\/wp-json\/wp\/v2\/media\/575"}],"wp:attachment":[{"href":"https:\/\/lauralecoeur.fr\/index.php\/wp-json\/wp\/v2\/media?parent=64"}],"curies":[{"name":"wp","href":"https:\/\/api.w.org\/{rel}","templated":true}]}}