{"id":95,"date":"2024-08-10T08:37:27","date_gmt":"2024-08-10T06:37:27","guid":{"rendered":"https:\/\/lauralecoeur.fr\/?page_id=95"},"modified":"2025-07-05T15:20:21","modified_gmt":"2025-07-05T13:20:21","slug":"liens-et-ressources","status":"publish","type":"page","link":"https:\/\/lauralecoeur.fr\/index.php\/liens-et-ressources\/","title":{"rendered":"Liens et mentions"},"content":{"rendered":"\n<p><strong>Liens sur des centres de formation&nbsp;:<\/strong><\/p>\n\n\n\n<ul class=\"wp-block-list\">\n<li>Cours avec le Professeur Eric Mari\u00e9&nbsp;:<br><a href=\"https:\/\/www.coursdemedecinechinoise.fr\">https:\/\/www.coursdemedecinechinoise.fr<\/a><br><\/li>\n\n\n\n<li>IFTEM (Institut de Formation aux Th\u00e9rapies \u00c9nerg\u00e9tiques et Manuelles)&nbsp;: <br><a href=\"https:\/\/iftem.fr\">https:\/\/iftem.fr <\/a><\/li>\n\n\n\n<li>Mandalia-Music, sur la sonoth\u00e9rapie&nbsp;:<br><a href=\"https:\/\/www.mandalia-music.com\">https:\/\/www.mandalia-music.com<\/a><br><\/li>\n\n\n\n<li>\u00c9cole Bretonne d\u2019Herboristerie&nbsp;\u2013 Cap sant\u00e9 :<br><a href=\"https:\/\/ebh.bzh\">https:\/\/ebh.bzh<\/a><\/li>\n<\/ul>\n\n\n\n<p><strong>Liens sur des cours de Qi Gong :<\/strong><\/p>\n\n\n\n<ul class=\"wp-block-list\">\n<li>Tao de long\u00e9vit\u00e9 (Aizenay) <br><a href=\"https:\/\/www.facebook.com\/taodelongevite.85190\">https:\/\/www.facebook.com\/taodelongevite.85190<\/a><br><\/li>\n\n\n\n<li>\u00c9nergie et Harmonie&nbsp;(La Roche-sur-Yon) :<br><a href=\"https:\/\/www.energieetharmonie85.fr\">https:\/\/www.energieetharmonie85.fr<\/a><br><\/li>\n\n\n\n<li>Tai Chi Viet 85&nbsp;(La Roche-sur-Yon) :<br><a href=\"https:\/\/taichiviet85.fr\">https:\/\/taichiviet85.fr<\/a><\/li>\n<\/ul>\n\n\n\n<p><strong>Litige \u2013 M\u00e9diation de la consommation :<\/strong><\/p>\n\n\n\n<p>En cas de litige entre le Client et l\u2019entreprise, ceux-ci s\u2019efforceront de le r\u00e9soudre \u00e0 l\u2019amiable (le Client adressera une r\u00e9clamation \u00e9crite aupr\u00e8s du professionnel ou, le cas \u00e9ch\u00e9ant, aupr\u00e8s du Service Relations Client\u00e8le du professionnel).<br>A d\u00e9faut d\u2019accord amiable ou en l\u2019absence de r\u00e9ponse du professionnel dans un d\u00e9lai raisonnable d\u2019un (1) mois, le Client consommateur au sens de l\u2019article L.1612-2 du code de la consommation a la possibilit\u00e9 de saisir gratuitement, si un d\u00e9saccord subsiste, le m\u00e9diateur comp\u00e9tent inscrit sur la liste des m\u00e9diateurs \u00e9tablie par la Commission d\u2019\u00e9valuation et de contr\u00f4le de la m\u00e9diation de la consommation en application de l\u2019article L.615-1 du code de la consommation, \u00e0 savoir :<br>La Soci\u00e9t\u00e9 M\u00e9diation Professionnelle &#8211; Alteritae<br><a href=\"https:\/\/gijjejf.r.bh.d.sendibt3.com\/tr\/cl\/OZp5hiPqnxjfbrdUE6Njqqsxpqn8WY56dMbdoNfw-i0AV56_K1p6PiOH4um73KKoo6PckrA1_n83z8n8KShwXCrRQw8tcmfewxFpOAehO-M0HHBVodaZ2RNIqfs25t3vxmoty0yDYEtMi5p0Pzs43ZkgNMOHAV02ppssc1PVubPoc___X31Ekl_JdRkDGZosvr1s-9hzsTnouc8u_m_cTX0HJoKoO_RD-2q2FvrHohQzMYgkC5Jm3e7dtbYvkgwUPtYfwKyhoEOK6GZE4xJdTgCrvSDlYGy517xUQPnSYUM4fe5sXENrVFrDhOqOd6B8eHOz_yc3QOsvvknLjc_yfQ3x-OK7LKdVRUSqL05Yf28M-ot9OzVlkzwFV3ovbSVnmRyAZV3ZkR8CTKwkA8jfYN6xW1cRhwlcaf-gitPSZTdZCLhiO52sLS04Y66Kcnrh81XYWcyMhX2UseojwQN_u3L4MLSPyGZDzC00WzqoiLdXHvATm1bsCIRMqIIO5B3-r-qq3OIZ6m1qaSV1UHRu8SklRsvWRBbuTHSJRSrBQb184QkgNbBIVoWxj8F_b5BKuIPkcash96YK7LcOs-lQlXkI_fGtI81Gfcxto5lOuzSLJnFN3Q_OeNfJQFZ8tjqyeyI59oThjor0RoFDyYXBeI4P7awlJRjoErXrSfN4Sntk0-e62FcS58or3UF2vV00HRfV-w8HuoO0q4NHjiirubt8rvF4MRdojiQy\" target=\"_blank\" rel=\"noreferrer noopener\">http:\/\/www.mediateur-consommation-smp.fr<\/a><br>5, rue Salvaing 12000 Rodez<\/p>\n\n\n\n<p><strong>Mentions l\u00e9gales&nbsp;:<\/strong><\/p>\n\n\n\n<p>Raison sociale : Enterprise individuelle<\/p>\n\n\n\n<p>Adresse : 10 impasse des Roseaux, 85190 LA GEN\u00c9TOUZE<\/p>\n\n\n\n<p>SIREN : n\u00b0 931716450 <\/p>\n\n\n\n<p>Assurance responsabilit\u00e9 civile professionnelle : MEDINAT, 2 rue Grignan, 13001 Marseille &nbsp;<a href=\"http:\/\/www.medinat.fr\/\" target=\"_blank\" rel=\"noreferrer noopener\">www.medinat.fr<\/a>&nbsp;&#8211; Tel. 01 85 480 481 &#8211; Immatriculation ORIAS 15002981<\/p>\n\n\n\n<p>H\u00e9bergeur du site internet :<strong> <\/strong>OVH SAS, 2 rue Kellermann, 59100 Roubaix. Tel. : 09 72 10 10 07<\/p>\n","protected":false},"excerpt":{"rendered":"<p>Liens sur des centres de formation&nbsp;: Liens sur des cours de Qi Gong : Litige \u2013 M\u00e9diation de la consommation : En cas de litige entre le Client et l\u2019entreprise, &hellip; <\/p>\n","protected":false},"author":1,"featured_media":91,"parent":0,"menu_order":0,"comment_status":"closed","ping_status":"closed","template":"","meta":{"footnotes":""},"class_list":["post-95","page","type-page","status-publish","has-post-thumbnail","hentry"],"_links":{"self":[{"href":"https:\/\/lauralecoeur.fr\/index.php\/wp-json\/wp\/v2\/pages\/95","targetHints":{"allow":["GET"]}}],"collection":[{"href":"https:\/\/lauralecoeur.fr\/index.php\/wp-json\/wp\/v2\/pages"}],"about":[{"href":"https:\/\/lauralecoeur.fr\/index.php\/wp-json\/wp\/v2\/types\/page"}],"author":[{"embeddable":true,"href":"https:\/\/lauralecoeur.fr\/index.php\/wp-json\/wp\/v2\/users\/1"}],"replies":[{"embeddable":true,"href":"https:\/\/lauralecoeur.fr\/index.php\/wp-json\/wp\/v2\/comments?post=95"}],"version-history":[{"count":21,"href":"https:\/\/lauralecoeur.fr\/index.php\/wp-json\/wp\/v2\/pages\/95\/revisions"}],"predecessor-version":[{"id":396,"href":"https:\/\/lauralecoeur.fr\/index.php\/wp-json\/wp\/v2\/pages\/95\/revisions\/396"}],"wp:featuredmedia":[{"embeddable":true,"href":"https:\/\/lauralecoeur.fr\/index.php\/wp-json\/wp\/v2\/media\/91"}],"wp:attachment":[{"href":"https:\/\/lauralecoeur.fr\/index.php\/wp-json\/wp\/v2\/media?parent=95"}],"curies":[{"name":"wp","href":"https:\/\/api.w.org\/{rel}","templated":true}]}}